{"id":596,"date":"2024-08-25T10:54:13","date_gmt":"2024-08-25T10:54:13","guid":{"rendered":"https:\/\/reguvance.com\/?page_id=596"},"modified":"2025-11-15T08:58:50","modified_gmt":"2025-11-15T08:58:50","slug":"impressum","status":"publish","type":"page","link":"https:\/\/reguvance.com\/it\/impressum\/","title":{"rendered":"Impronta"},"content":{"rendered":"<div data-elementor-type=\"wp-page\" data-elementor-id=\"596\" class=\"elementor elementor-596\" data-elementor-post-type=\"page\">\n\t\t\t\t\t\t<section class=\"elementor-section elementor-top-section elementor-element elementor-element-6c63429 elementor-section-height-min-height elementor-section-boxed elementor-section-height-default elementor-section-items-middle\" data-id=\"6c63429\" data-element_type=\"section\" data-settings=\"{&quot;background_background&quot;:&quot;classic&quot;}\">\n\t\t\t\t\t\t\t<div class=\"elementor-background-overlay\"><\/div>\n\t\t\t\t\t\t\t<div class=\"elementor-container elementor-column-gap-default\">\n\t\t\t\t\t<div class=\"elementor-column elementor-col-100 elementor-top-column elementor-element elementor-element-44a7f9e\" data-id=\"44a7f9e\" data-element_type=\"column\">\n\t\t\t<div class=\"elementor-widget-wrap elementor-element-populated\">\n\t\t\t\t\t\t<div class=\"elementor-element elementor-element-929d657 elementor-widget elementor-widget-heading\" data-id=\"929d657\" data-element_type=\"widget\" data-widget_type=\"heading.default\">\n\t\t\t\t<div class=\"elementor-widget-container\">\n\t\t\t\t\t<h2 class=\"elementor-heading-title elementor-size-default\">IMPRONTA<\/h2>\t\t\t\t<\/div>\n\t\t\t\t<\/div>\n\t\t\t\t\t<\/div>\n\t\t<\/div>\n\t\t\t\t\t<\/div>\n\t\t<\/section>\n\t\t\t\t<section class=\"elementor-section elementor-top-section elementor-element elementor-element-2356940 elementor-section-boxed elementor-section-height-default elementor-section-height-default\" data-id=\"2356940\" data-element_type=\"section\">\n\t\t\t\t\t\t<div class=\"elementor-container elementor-column-gap-default\">\n\t\t\t\t\t<div class=\"elementor-column elementor-col-100 elementor-top-column elementor-element elementor-element-ea11012\" data-id=\"ea11012\" data-element_type=\"column\">\n\t\t\t<div class=\"elementor-widget-wrap elementor-element-populated\">\n\t\t\t\t\t\t<div class=\"elementor-element elementor-element-c94a6d3 elementor-widget elementor-widget-text-editor\" data-id=\"c94a6d3\" data-element_type=\"widget\" data-widget_type=\"text-editor.default\">\n\t\t\t\t<div class=\"elementor-widget-container\">\n\t\t\t\t\t\t\t\t\t<h2>Fornitore di servizi \/ editore<\/h2>\n<p>Gestore del sito web https:\/\/reguvance.com e responsabile dei contenuti ai sensi del \u00a7 5 DDG:<\/p>\n<p><b>ReguVance GmbH<br>Amselweg 8&nbsp;<br>72285 Pfalzgrafenweiler<\/b><\/p>\n<p><span style=\"background-color: var( --e-global-color-01382b0 ); font-family: var( --e-global-typography-text-font-family ), Sans-serif; font-size: var( --e-global-typography-text-font-size ); font-weight: var( --e-global-typography-text-font-weight );\">In caso di spedizioni di pacchi pianificate, vi preghiamo di contattarci via e-mail o telefono.&nbsp;<\/span><\/p>\n<p><span style=\"font-weight: bolder;\">Tel:<\/span>&nbsp;+49 163 9280 964<br><span style=\"font-weight: bolder;\">e-mail:<\/span>&nbsp;<a style=\"font-family: var( --e-global-typography-accent-font-family ), Sans-serif; font-size: var( --e-global-typography-accent-font-size ); font-weight: var( --e-global-typography-accent-font-weight ); line-height: var( --e-global-typography-accent-line-height );\">info@reguvance.com<\/a><\/p>\n<p><span style=\"font-weight: bolder; background-color: var( --e-global-color-01382b0 ); font-family: var( --e-global-typography-text-font-family ), Sans-serif; font-size: var( --e-global-typography-text-font-size );\">Rappresentato da:&nbsp;<\/span><span style=\"background-color: var( --e-global-color-01382b0 ); font-family: var( --e-global-typography-text-font-family ), Sans-serif; font-size: var( --e-global-typography-text-font-size ); font-weight: var( --e-global-typography-text-font-weight );\">Lars M\u00f6hrle<\/span><\/p>\n<p><span style=\"font-weight: bold;\">Partita IVA<\/span> IT 369267273<\/p>\n<h3 style=\"line-height: var( --e-global-typography-1c00384-line-height ); color: #333333; letter-spacing: normal; word-spacing: 0px;\"><span style=\"background-color: var( --e-global-color-01382b0 );\">Risoluzione alternativa delle controversie ai sensi dell'art. 14 comma 1 ODR-VO e del \u00a7 36 VSBG:&nbsp;<br><\/span><span style=\"font-family: Montserrat, sans-serif; font-size: 16px; font-weight: var( --e-global-typography-text-font-weight ); background-color: var( --e-global-color-01382b0 );\">La Commissione europea mette a disposizione una piattaforma per la risoluzione delle controversie online (OS), a cui si pu\u00f2 accedere al seguente indirizzo&nbsp;<\/span><a style=\"font-family: var( --e-global-typography-accent-font-family ), Sans-serif; font-size: var( --e-global-typography-accent-font-size ); font-weight: var( --e-global-typography-accent-font-weight ); line-height: var( --e-global-typography-accent-line-height );\" href=\"https:\/\/ec.europa.eu\/consumers\/odr\" target=\"_blank\" rel=\"noopener\">https:\/\/ec.europa.eu\/consumers\/odr<\/a><span style=\"font-family: Montserrat, sans-serif; font-size: 16px; font-weight: var( --e-global-typography-text-font-weight ); background-color: var( --e-global-color-01382b0 );\">&nbsp;trovare. Non siamo obbligati o disposti a partecipare a procedure di risoluzione delle controversie davanti a un collegio arbitrale dei consumatori.<\/span><\/h3>\n<h3 style=\"font-family: var( --e-global-typography-1c00384-font-family ), Sans-serif; font-weight: var( --e-global-typography-1c00384-font-weight ); line-height: var( --e-global-typography-1c00384-line-height ); color: #333333; font-size: var( --e-global-typography-1c00384-font-size ); letter-spacing: normal; word-spacing: 0px;\">Responsabilit\u00e0 per il contenuto di questo sito web<\/h3>\n<p>Sviluppiamo costantemente il contenuto di questo sito web e cerchiamo di fornire informazioni corrette e aggiornate. Ai sensi della legge sui media telematici&nbsp;<a style=\"font-family: var( --e-global-typography-accent-font-family ), Sans-serif; font-size: var( --e-global-typography-accent-font-size ); font-weight: var( --e-global-typography-accent-font-weight ); line-height: var( --e-global-typography-accent-line-height );\" href=\"https:\/\/www.gesetze-im-internet.de\/tmg\/__7.html?tid=321287079\" target=\"_blank\" rel=\"noopener nofollow\">(TMG) \u00a77 (1)<\/a>&nbsp;In qualit\u00e0 di fornitore di servizi, siamo responsabili delle nostre informazioni che mettiamo a disposizione per l'uso in conformit\u00e0 con le leggi generali. Purtroppo non possiamo assumerci alcuna responsabilit\u00e0 per la correttezza di tutti i contenuti di questo sito web, in particolare per quelli forniti da terzi. In qualit\u00e0 di fornitore di servizi ai sensi dei \u00a7\u00a7 8-10, non siamo obbligati a monitorare le informazioni trasmesse o memorizzate dall'utente o a indagare su circostanze che indicano un'attivit\u00e0 illegale.<\/p>\n<p>I nostri obblighi di rimuovere le informazioni o di bloccare l'uso delle informazioni in conformit\u00e0 alle leggi generali a causa di ordini giudiziari o ufficiali rimangono inalterati anche in caso di nostra mancata responsabilit\u00e0 ai sensi dei \u00a7\u00a7 da 8 a 10.<\/p>\n<p>Se si notano contenuti problematici o illegali, si prega di contattarci immediatamente in modo da poterli rimuovere. I dettagli di contatto sono riportati nell'imprinting.<\/p>\n<h3 style=\"font-family: var( --e-global-typography-1c00384-font-family ), Sans-serif; font-weight: var( --e-global-typography-1c00384-font-weight ); line-height: var( --e-global-typography-1c00384-line-height ); color: #333333; font-size: var( --e-global-typography-1c00384-font-size ); letter-spacing: normal; word-spacing: 0px;\">Avviso di copyright<\/h3>\n<p>Tutti i contenuti di questo sito web (immagini, foto, testi, video) sono soggetti al copyright della Repubblica Federale di Germania. Prima di distribuire, riprodurre o utilizzare i contenuti di questo sito web, ad esempio ripubblicandoli su altri siti web, vi preghiamo di chiedere a noi. Se necessario, intraprenderemo azioni legali contro l'uso non autorizzato di parti del contenuto del nostro sito web.<\/p>\n<p>Se in questo sito si trovano contenuti che violano la legge sul copyright, si prega di contattarci.<\/p>\n<h3 style=\"font-family: var( --e-global-typography-1c00384-font-family ), Sans-serif; font-weight: var( --e-global-typography-1c00384-font-weight ); line-height: var( --e-global-typography-1c00384-line-height ); color: #333333; font-size: var( --e-global-typography-1c00384-font-size ); letter-spacing: normal; word-spacing: 0px;\">Crediti d'immagine<\/h3>\n<p>Le immagini, le foto e la grafica di questo sito web sono protette da copyright. Non sono soggette ad alcun obbligo di prova. Per domande dettagliate sulle licenze, contattateci direttamente.<\/p>\t\t\t\t\t\t\t\t<\/div>\n\t\t\t\t<\/div>\n\t\t\t\t\t<\/div>\n\t\t<\/div>\n\t\t\t\t\t<\/div>\n\t\t<\/section>\n\t\t\t\t<\/div>","protected":false},"excerpt":{"rendered":"<p>IMPRESSUM Diensteanbieter \/ Herausgeber Betreiber des Internetauftritts unter https:\/\/reguvance.com und inhaltlich Verantwortlicher gem\u00e4\u00df \u00a7 5 DDG ist: ReguVance GmbHAmselweg 8&nbsp;72285 Pfalzgrafenweiler Bitte kontaktieren Sie uns per E-Mail oder telefonisch im Fall von geplanten Paketsendungen.&nbsp; Tel.:&nbsp;+49 163 9280 964E-Mail:&nbsp;info@reguvance.com Vertreten durch:&nbsp;Lars M\u00f6hrle USt-ID Nr.: DE 369267273 Alternative Streitbeilegung gem\u00e4\u00df Art. 14 Abs. 1 ODR-VO und \u00a7 [&hellip;]<\/p>","protected":false},"author":1,"featured_media":0,"parent":0,"menu_order":0,"comment_status":"closed","ping_status":"closed","template":"","meta":{"footnotes":""},"class_list":["post-596","page","type-page","status-publish","hentry"],"_links":{"self":[{"href":"https:\/\/reguvance.com\/it\/wp-json\/wp\/v2\/pages\/596","targetHints":{"allow":["GET"]}}],"collection":[{"href":"https:\/\/reguvance.com\/it\/wp-json\/wp\/v2\/pages"}],"about":[{"href":"https:\/\/reguvance.com\/it\/wp-json\/wp\/v2\/types\/page"}],"author":[{"embeddable":true,"href":"https:\/\/reguvance.com\/it\/wp-json\/wp\/v2\/users\/1"}],"replies":[{"embeddable":true,"href":"https:\/\/reguvance.com\/it\/wp-json\/wp\/v2\/comments?post=596"}],"version-history":[{"count":22,"href":"https:\/\/reguvance.com\/it\/wp-json\/wp\/v2\/pages\/596\/revisions"}],"predecessor-version":[{"id":771,"href":"https:\/\/reguvance.com\/it\/wp-json\/wp\/v2\/pages\/596\/revisions\/771"}],"wp:attachment":[{"href":"https:\/\/reguvance.com\/it\/wp-json\/wp\/v2\/media?parent=596"}],"curies":[{"name":"wp","href":"https:\/\/api.w.org\/{rel}","templated":true}]}}