{"id":596,"date":"2024-08-25T10:54:13","date_gmt":"2024-08-25T10:54:13","guid":{"rendered":"https:\/\/reguvance.com\/?page_id=596"},"modified":"2025-11-15T08:58:50","modified_gmt":"2025-11-15T08:58:50","slug":"impressum","status":"publish","type":"page","link":"https:\/\/reguvance.com\/fr\/impressum\/","title":{"rendered":"Mentions l\u00e9gales"},"content":{"rendered":"<div data-elementor-type=\"wp-page\" data-elementor-id=\"596\" class=\"elementor elementor-596\" data-elementor-post-type=\"page\">\n\t\t\t\t\t\t<section class=\"elementor-section elementor-top-section elementor-element elementor-element-6c63429 elementor-section-height-min-height elementor-section-boxed elementor-section-height-default elementor-section-items-middle\" data-id=\"6c63429\" data-element_type=\"section\" data-settings=\"{&quot;background_background&quot;:&quot;classic&quot;}\">\n\t\t\t\t\t\t\t<div class=\"elementor-background-overlay\"><\/div>\n\t\t\t\t\t\t\t<div class=\"elementor-container elementor-column-gap-default\">\n\t\t\t\t\t<div class=\"elementor-column elementor-col-100 elementor-top-column elementor-element elementor-element-44a7f9e\" data-id=\"44a7f9e\" data-element_type=\"column\">\n\t\t\t<div class=\"elementor-widget-wrap elementor-element-populated\">\n\t\t\t\t\t\t<div class=\"elementor-element elementor-element-929d657 elementor-widget elementor-widget-heading\" data-id=\"929d657\" data-element_type=\"widget\" data-widget_type=\"heading.default\">\n\t\t\t\t<div class=\"elementor-widget-container\">\n\t\t\t\t\t<h2 class=\"elementor-heading-title elementor-size-default\">IMPRESSUM<\/h2>\t\t\t\t<\/div>\n\t\t\t\t<\/div>\n\t\t\t\t\t<\/div>\n\t\t<\/div>\n\t\t\t\t\t<\/div>\n\t\t<\/section>\n\t\t\t\t<section class=\"elementor-section elementor-top-section elementor-element elementor-element-2356940 elementor-section-boxed elementor-section-height-default elementor-section-height-default\" data-id=\"2356940\" data-element_type=\"section\">\n\t\t\t\t\t\t<div class=\"elementor-container elementor-column-gap-default\">\n\t\t\t\t\t<div class=\"elementor-column elementor-col-100 elementor-top-column elementor-element elementor-element-ea11012\" data-id=\"ea11012\" data-element_type=\"column\">\n\t\t\t<div class=\"elementor-widget-wrap elementor-element-populated\">\n\t\t\t\t\t\t<div class=\"elementor-element elementor-element-c94a6d3 elementor-widget elementor-widget-text-editor\" data-id=\"c94a6d3\" data-element_type=\"widget\" data-widget_type=\"text-editor.default\">\n\t\t\t\t<div class=\"elementor-widget-container\">\n\t\t\t\t\t\t\t\t\t<h2>Fournisseur de services \/ \u00e9diteur<\/h2>\n<p>L'exploitant du site Internet \u00e0 l'adresse https:\/\/reguvance.com et le responsable du contenu conform\u00e9ment au \u00a7 5 de la loi allemande sur les services de sant\u00e9 (DDG) :<\/p>\n<p><b>ReguVance GmbH<br>Amselweg 8&nbsp;<br>72285 Pfalzgrafenweiler<\/b><\/p>\n<p><span style=\"background-color: var( --e-global-color-01382b0 ); font-family: var( --e-global-typography-text-font-family ), Sans-serif; font-size: var( --e-global-typography-text-font-size ); font-weight: var( --e-global-typography-text-font-weight );\">Veuillez nous contacter par e-mail ou par t\u00e9l\u00e9phone en cas d'envoi de colis planifi\u00e9.&nbsp;<\/span><\/p>\n<p><span style=\"font-weight: bolder;\">T\u00e9l :<\/span>&nbsp;+49 163 9280 964<br><span style=\"font-weight: bolder;\">Courrier \u00e9lectronique :<\/span>&nbsp;<a style=\"font-family: var( --e-global-typography-accent-font-family ), Sans-serif; font-size: var( --e-global-typography-accent-font-size ); font-weight: var( --e-global-typography-accent-font-weight ); line-height: var( --e-global-typography-accent-line-height );\">info@reguvance.com<\/a><\/p>\n<p><span style=\"font-weight: bolder; background-color: var( --e-global-color-01382b0 ); font-family: var( --e-global-typography-text-font-family ), Sans-serif; font-size: var( --e-global-typography-text-font-size );\">Repr\u00e9sent\u00e9 par :&nbsp;<\/span><span style=\"background-color: var( --e-global-color-01382b0 ); font-family: var( --e-global-typography-text-font-family ), Sans-serif; font-size: var( --e-global-typography-text-font-size ); font-weight: var( --e-global-typography-text-font-weight );\">Lars M\u00f6hrle<\/span><\/p>\n<p><span style=\"font-weight: bold;\">N\u00b0 de TVA<\/span> FR 369267273<\/p>\n<h3 style=\"line-height: var( --e-global-typography-1c00384-line-height ); color: #333333; letter-spacing: normal; word-spacing: 0px;\"><span style=\"background-color: var( --e-global-color-01382b0 );\">R\u00e8glement alternatif des litiges conform\u00e9ment \u00e0 l'article 14, paragraphe 1, du r\u00e8glement ODR et au \u00a7 36 de la VSBG :&nbsp;<br><\/span><span style=\"font-family: Montserrat, sans-serif; font-size: 16px; font-weight: var( --e-global-typography-text-font-weight ); background-color: var( --e-global-color-01382b0 );\">La Commission europ\u00e9enne met \u00e0 disposition une plateforme de r\u00e8glement en ligne des litiges (RLL) que tu peux consulter \u00e0 l'adresse suivante&nbsp;<\/span><a style=\"font-family: var( --e-global-typography-accent-font-family ), Sans-serif; font-size: var( --e-global-typography-accent-font-size ); font-weight: var( --e-global-typography-accent-font-weight ); line-height: var( --e-global-typography-accent-line-height );\" href=\"https:\/\/ec.europa.eu\/consumers\/odr\" target=\"_blank\" rel=\"noopener\">https:\/\/ec.europa.eu\/consumers\/odr<\/a><span style=\"font-family: Montserrat, sans-serif; font-size: 16px; font-weight: var( --e-global-typography-text-font-weight ); background-color: var( --e-global-color-01382b0 );\">&nbsp;sur le site. Nous ne sommes pas tenus de participer \u00e0 une proc\u00e9dure de r\u00e8glement des litiges devant un organisme de conciliation des consommateurs et ne sommes pas dispos\u00e9s \u00e0 le faire.<\/span><\/h3>\n<h3 style=\"font-family: var( --e-global-typography-1c00384-font-family ), Sans-serif; font-weight: var( --e-global-typography-1c00384-font-weight ); line-height: var( --e-global-typography-1c00384-line-height ); color: #333333; font-size: var( --e-global-typography-1c00384-font-size ); letter-spacing: normal; word-spacing: 0px;\">Responsabilit\u00e9 pour le contenu de ce site web<\/h3>\n<p>Nous d\u00e9veloppons en permanence le contenu de ce site web et nous nous effor\u00e7ons de fournir des informations correctes et actuelles. Selon la loi sur les t\u00e9l\u00e9m\u00e9dias&nbsp;<a style=\"font-family: var( --e-global-typography-accent-font-family ), Sans-serif; font-size: var( --e-global-typography-accent-font-size ); font-weight: var( --e-global-typography-accent-font-weight ); line-height: var( --e-global-typography-accent-line-height );\" href=\"https:\/\/www.gesetze-im-internet.de\/tmg\/__7.html?tid=321287079\" target=\"_blank\" rel=\"noopener nofollow\">(TMG) \u00a77 (1)<\/a>&nbsp;nous sommes, en tant que prestataire de services, responsables de nos propres informations que nous mettons \u00e0 disposition pour l'utilisation, conform\u00e9ment aux lois g\u00e9n\u00e9rales. Nous ne pouvons malheureusement pas assumer la responsabilit\u00e9 de l'exactitude de tous les contenus de ce site web, en particulier ceux qui ont \u00e9t\u00e9 mis \u00e0 disposition par des tiers. En tant que prestataire de services au sens des \u00a7\u00a7 8 \u00e0 10, nous ne sommes pas tenus de surveiller les informations qu'ils transmettent ou enregistrent, ni de rechercher des circonstances indiquant une activit\u00e9 ill\u00e9gale.<\/p>\n<p>Nos obligations de supprimer des informations ou de bloquer l'utilisation d'informations conform\u00e9ment aux lois g\u00e9n\u00e9rales en raison d'injonctions judiciaires ou administratives ne sont pas affect\u00e9es, m\u00eame si nous ne sommes pas responsables en vertu des \u00a7\u00a7 8 \u00e0 10.<\/p>\n<p>Si vous remarquez des contenus probl\u00e9matiques ou ill\u00e9gaux, nous vous prions de nous contacter imm\u00e9diatement afin que nous puissions supprimer les contenus illicites. Vous trouverez nos coordonn\u00e9es dans les mentions l\u00e9gales.<\/p>\n<h3 style=\"font-family: var( --e-global-typography-1c00384-font-family ), Sans-serif; font-weight: var( --e-global-typography-1c00384-font-weight ); line-height: var( --e-global-typography-1c00384-line-height ); color: #333333; font-size: var( --e-global-typography-1c00384-font-size ); letter-spacing: normal; word-spacing: 0px;\">Avis de droit d'auteur<\/h3>\n<p>Tous les contenus de ce site web (images, photos, textes, vid\u00e9os) sont soumis aux droits d'auteur de la R\u00e9publique f\u00e9d\u00e9rale d'Allemagne. Veuillez nous consulter avant de diffuser, de reproduire ou d'exploiter le contenu de ce site, comme par exemple le republier sur d'autres sites. Si n\u00e9cessaire, nous poursuivrons en justice toute utilisation non autoris\u00e9e d'une partie du contenu de notre site.<\/p>\n<p>Si vous trouvez sur ce site des contenus qui violent les droits d'auteur, nous vous prions de nous contacter.<\/p>\n<h3 style=\"font-family: var( --e-global-typography-1c00384-font-family ), Sans-serif; font-weight: var( --e-global-typography-1c00384-font-weight ); line-height: var( --e-global-typography-1c00384-line-height ); color: #333333; font-size: var( --e-global-typography-1c00384-font-size ); letter-spacing: normal; word-spacing: 0px;\">Cr\u00e9dits photographiques<\/h3>\n<p>Les images, photos et graphiques de ce site sont prot\u00e9g\u00e9s par des droits d'auteur. Ils ne sont soumis \u00e0 aucune obligation de justification. Pour des questions d\u00e9taill\u00e9es sur les licences, veuillez nous contacter directement.<\/p>\t\t\t\t\t\t\t\t<\/div>\n\t\t\t\t<\/div>\n\t\t\t\t\t<\/div>\n\t\t<\/div>\n\t\t\t\t\t<\/div>\n\t\t<\/section>\n\t\t\t\t<\/div>","protected":false},"excerpt":{"rendered":"<p>IMPRESSUM Diensteanbieter \/ Herausgeber Betreiber des Internetauftritts unter https:\/\/reguvance.com und inhaltlich Verantwortlicher gem\u00e4\u00df \u00a7 5 DDG ist: ReguVance GmbHAmselweg 8&nbsp;72285 Pfalzgrafenweiler Bitte kontaktieren Sie uns per E-Mail oder telefonisch im Fall von geplanten Paketsendungen.&nbsp; Tel.:&nbsp;+49 163 9280 964E-Mail:&nbsp;info@reguvance.com Vertreten durch:&nbsp;Lars M\u00f6hrle USt-ID Nr.: DE 369267273 Alternative Streitbeilegung gem\u00e4\u00df Art. 14 Abs. 1 ODR-VO und \u00a7 [&hellip;]<\/p>","protected":false},"author":1,"featured_media":0,"parent":0,"menu_order":0,"comment_status":"closed","ping_status":"closed","template":"","meta":{"footnotes":""},"class_list":["post-596","page","type-page","status-publish","hentry"],"_links":{"self":[{"href":"https:\/\/reguvance.com\/fr\/wp-json\/wp\/v2\/pages\/596","targetHints":{"allow":["GET"]}}],"collection":[{"href":"https:\/\/reguvance.com\/fr\/wp-json\/wp\/v2\/pages"}],"about":[{"href":"https:\/\/reguvance.com\/fr\/wp-json\/wp\/v2\/types\/page"}],"author":[{"embeddable":true,"href":"https:\/\/reguvance.com\/fr\/wp-json\/wp\/v2\/users\/1"}],"replies":[{"embeddable":true,"href":"https:\/\/reguvance.com\/fr\/wp-json\/wp\/v2\/comments?post=596"}],"version-history":[{"count":22,"href":"https:\/\/reguvance.com\/fr\/wp-json\/wp\/v2\/pages\/596\/revisions"}],"predecessor-version":[{"id":771,"href":"https:\/\/reguvance.com\/fr\/wp-json\/wp\/v2\/pages\/596\/revisions\/771"}],"wp:attachment":[{"href":"https:\/\/reguvance.com\/fr\/wp-json\/wp\/v2\/media?parent=596"}],"curies":[{"name":"wp","href":"https:\/\/api.w.org\/{rel}","templated":true}]}}