{"id":273,"date":"2024-08-04T07:27:14","date_gmt":"2024-08-04T07:27:14","guid":{"rendered":"https:\/\/reguvance.com\/?page_id=273"},"modified":"2024-08-25T18:14:47","modified_gmt":"2024-08-25T18:14:47","slug":"insights","status":"publish","type":"page","link":"https:\/\/reguvance.com\/fr\/insights\/","title":{"rendered":"Insights"},"content":{"rendered":"<div data-elementor-type=\"wp-page\" data-elementor-id=\"273\" class=\"elementor elementor-273\" data-elementor-post-type=\"page\">\n\t\t\t\t\t\t<section class=\"elementor-section elementor-top-section elementor-element elementor-element-6c63429 elementor-section-height-min-height elementor-section-boxed elementor-section-height-default elementor-section-items-middle\" data-id=\"6c63429\" data-element_type=\"section\" data-settings=\"{&quot;background_background&quot;:&quot;classic&quot;}\">\n\t\t\t\t\t\t\t<div class=\"elementor-background-overlay\"><\/div>\n\t\t\t\t\t\t\t<div class=\"elementor-container elementor-column-gap-default\">\n\t\t\t\t\t<div class=\"elementor-column elementor-col-100 elementor-top-column elementor-element elementor-element-44a7f9e\" data-id=\"44a7f9e\" data-element_type=\"column\">\n\t\t\t<div class=\"elementor-widget-wrap elementor-element-populated\">\n\t\t\t\t\t\t<div class=\"elementor-element elementor-element-929d657 elementor-widget elementor-widget-heading\" data-id=\"929d657\" data-element_type=\"widget\" data-widget_type=\"heading.default\">\n\t\t\t\t<div class=\"elementor-widget-container\">\n\t\t\t\t\t<h2 class=\"elementor-heading-title elementor-size-default\">INSIGHTS<\/h2>\t\t\t\t<\/div>\n\t\t\t\t<\/div>\n\t\t\t\t\t<\/div>\n\t\t<\/div>\n\t\t\t\t\t<\/div>\n\t\t<\/section>\n\t\t\t\t<section class=\"elementor-section elementor-top-section elementor-element elementor-element-25b1e42 elementor-section-boxed elementor-section-height-default elementor-section-height-default\" data-id=\"25b1e42\" data-element_type=\"section\">\n\t\t\t\t\t\t<div class=\"elementor-container elementor-column-gap-default\">\n\t\t\t\t\t<div class=\"elementor-column elementor-col-100 elementor-top-column elementor-element elementor-element-1f50614\" data-id=\"1f50614\" data-element_type=\"column\">\n\t\t\t<div class=\"elementor-widget-wrap elementor-element-populated\">\n\t\t\t\t\t\t<div class=\"elementor-element elementor-element-ba703ff elementor-grid-3 elementor-grid-tablet-2 elementor-grid-mobile-1 elementor-posts--thumbnail-top elementor-card-shadow-yes elementor-posts__hover-gradient elementor-widget elementor-widget-posts\" data-id=\"ba703ff\" data-element_type=\"widget\" data-settings=\"{&quot;cards_columns&quot;:&quot;3&quot;,&quot;cards_columns_tablet&quot;:&quot;2&quot;,&quot;cards_columns_mobile&quot;:&quot;1&quot;,&quot;cards_row_gap&quot;:{&quot;unit&quot;:&quot;px&quot;,&quot;size&quot;:35,&quot;sizes&quot;:[]},&quot;cards_row_gap_tablet&quot;:{&quot;unit&quot;:&quot;px&quot;,&quot;size&quot;:&quot;&quot;,&quot;sizes&quot;:[]},&quot;cards_row_gap_mobile&quot;:{&quot;unit&quot;:&quot;px&quot;,&quot;size&quot;:&quot;&quot;,&quot;sizes&quot;:[]}}\" data-widget_type=\"posts.cards\">\n\t\t\t\t<div class=\"elementor-widget-container\">\n\t\t\t\t\t\t\t<div class=\"elementor-posts-container elementor-posts elementor-posts--skin-cards elementor-grid\">\n\t\t\t\t<article class=\"elementor-post elementor-grid-item post-218 post type-post status-publish format-standard has-post-thumbnail hentry category-redefining\">\n\t\t\t<div class=\"elementor-post__card\">\n\t\t\t\t<a class=\"elementor-post__thumbnail__link\" href=\"https:\/\/reguvance.com\/fr\/dora-der-wegweiser-fuer-digitale-operative-resilienz-im-finanzsektor\/\" tabindex=\"-1\" ><div class=\"elementor-post__thumbnail\"><img fetchpriority=\"high\" decoding=\"async\" width=\"300\" height=\"200\" src=\"https:\/\/reguvance.com\/wp-content\/uploads\/2022\/02\/asian-young-beautiful-call-center-work-with-smile-300x200.jpg\" class=\"attachment-medium size-medium wp-image-219\" alt=\"\" srcset=\"https:\/\/reguvance.com\/wp-content\/uploads\/2022\/02\/asian-young-beautiful-call-center-work-with-smile-300x200.jpg 300w, https:\/\/reguvance.com\/wp-content\/uploads\/2022\/02\/asian-young-beautiful-call-center-work-with-smile-1024x683.jpg 1024w, https:\/\/reguvance.com\/wp-content\/uploads\/2022\/02\/asian-young-beautiful-call-center-work-with-smile-768x512.jpg 768w, https:\/\/reguvance.com\/wp-content\/uploads\/2022\/02\/asian-young-beautiful-call-center-work-with-smile-1536x1024.jpg 1536w, https:\/\/reguvance.com\/wp-content\/uploads\/2022\/02\/asian-young-beautiful-call-center-work-with-smile-18x12.jpg 18w, https:\/\/reguvance.com\/wp-content\/uploads\/2022\/02\/asian-young-beautiful-call-center-work-with-smile.jpg 1920w\" sizes=\"(max-width: 300px) 100vw, 300px\" \/><\/div><\/a>\n\t\t\t\t<div class=\"elementor-post__badge\">Redefining<\/div>\n\t\t\t\t<div class=\"elementor-post__text\">\n\t\t\t\t<h3 class=\"elementor-post__title\">\n\t\t\t<a href=\"https:\/\/reguvance.com\/fr\/dora-der-wegweiser-fuer-digitale-operative-resilienz-im-finanzsektor\/\" >\n\t\t\t\tDORA : le guide de la r\u00e9silience op\u00e9rationnelle num\u00e9rique dans le secteur financier\t\t\t<\/a>\n\t\t<\/h3>\n\t\t\t\t<div class=\"elementor-post__excerpt\">\n\t\t\t<p>DORA : le guide de la r\u00e9silience op\u00e9rationnelle num\u00e9rique dans le secteur financier Le Digital Operational Resilience Act (DORA) marque un tournant dans la r\u00e9glementation de la cybers\u00e9curit\u00e9 et des risques informatiques<\/p>\n\t\t<\/div>\n\t\t\t\t\t<div class=\"elementor-post__read-more-wrapper\">\n\t\t\n\t\t<a class=\"elementor-post__read-more\" href=\"https:\/\/reguvance.com\/fr\/dora-der-wegweiser-fuer-digitale-operative-resilienz-im-finanzsektor\/\" aria-label=\"Read more about DORA: Der Wegweiser f\u00fcr digitale operative Resilienz im Finanzsektor\" tabindex=\"-1\" >\n\t\t\tEn savoir plus \"\t\t<\/a>\n\n\t\t\t\t\t<\/div>\n\t\t\t\t<\/div>\n\t\t\t\t<div class=\"elementor-post__meta-data\">\n\t\t\t\t\t<span class=\"elementor-post-date\">\n\t\t\tao\u00fbt 4, 2024\t\t<\/span>\n\t\t\t\t<span class=\"elementor-post-avatar\">\n\t\t\tAucun commentaire\t\t<\/span>\n\t\t\t\t<\/div>\n\t\t\t\t\t<\/div>\n\t\t<\/article>\n\t\t\t\t<article class=\"elementor-post elementor-grid-item post-217 post type-post status-publish format-standard has-post-thumbnail hentry category-create-business\">\n\t\t\t<div class=\"elementor-post__card\">\n\t\t\t\t<a class=\"elementor-post__thumbnail__link\" href=\"https:\/\/reguvance.com\/fr\/dora-umsetzungshinweise\/\" tabindex=\"-1\" ><div class=\"elementor-post__thumbnail\"><img decoding=\"async\" width=\"300\" height=\"200\" src=\"https:\/\/reguvance.com\/wp-content\/uploads\/2022\/02\/asian-cafe-owner-girl-check-in-sale-order-income-300x200.jpg\" class=\"attachment-medium size-medium wp-image-215\" alt=\"\" srcset=\"https:\/\/reguvance.com\/wp-content\/uploads\/2022\/02\/asian-cafe-owner-girl-check-in-sale-order-income-300x200.jpg 300w, https:\/\/reguvance.com\/wp-content\/uploads\/2022\/02\/asian-cafe-owner-girl-check-in-sale-order-income-1024x683.jpg 1024w, https:\/\/reguvance.com\/wp-content\/uploads\/2022\/02\/asian-cafe-owner-girl-check-in-sale-order-income-768x512.jpg 768w, https:\/\/reguvance.com\/wp-content\/uploads\/2022\/02\/asian-cafe-owner-girl-check-in-sale-order-income-1536x1024.jpg 1536w, https:\/\/reguvance.com\/wp-content\/uploads\/2022\/02\/asian-cafe-owner-girl-check-in-sale-order-income-18x12.jpg 18w, https:\/\/reguvance.com\/wp-content\/uploads\/2022\/02\/asian-cafe-owner-girl-check-in-sale-order-income.jpg 1920w\" sizes=\"(max-width: 300px) 100vw, 300px\" \/><\/div><\/a>\n\t\t\t\t<div class=\"elementor-post__badge\">Cr\u00e9er une entreprise<\/div>\n\t\t\t\t<div class=\"elementor-post__text\">\n\t\t\t\t<h3 class=\"elementor-post__title\">\n\t\t\t<a href=\"https:\/\/reguvance.com\/fr\/dora-umsetzungshinweise\/\" >\n\t\t\t\tDORA : le BaFin publie des conseils de mise en \u0153uvre\t\t\t<\/a>\n\t\t<\/h3>\n\t\t\t\t<div class=\"elementor-post__excerpt\">\n\t\t\t<p>Avec le Digital Operational Resilience Act (DORA), le secteur financier est confront\u00e9 \u00e0 un changement r\u00e9glementaire important. En tant que votre partenaire de confiance pour la r\u00e9glementation informatique et la gestion de projet, ReguVance souhaite<\/p>\n\t\t<\/div>\n\t\t\t\t\t<div class=\"elementor-post__read-more-wrapper\">\n\t\t\n\t\t<a class=\"elementor-post__read-more\" href=\"https:\/\/reguvance.com\/fr\/dora-umsetzungshinweise\/\" aria-label=\"Read more about DORA: BaFin ver\u00f6ffentlicht Umsetzungshinweise\" tabindex=\"-1\" >\n\t\t\tEn savoir plus \"\t\t<\/a>\n\n\t\t\t\t\t<\/div>\n\t\t\t\t<\/div>\n\t\t\t\t<div class=\"elementor-post__meta-data\">\n\t\t\t\t\t<span class=\"elementor-post-date\">\n\t\t\tao\u00fbt 4, 2024\t\t<\/span>\n\t\t\t\t<span class=\"elementor-post-avatar\">\n\t\t\tAucun commentaire\t\t<\/span>\n\t\t\t\t<\/div>\n\t\t\t\t\t<\/div>\n\t\t<\/article>\n\t\t\t\t<article class=\"elementor-post elementor-grid-item post-216 post type-post status-publish format-standard has-post-thumbnail hentry category-strategies\">\n\t\t\t<div class=\"elementor-post__card\">\n\t\t\t\t<a class=\"elementor-post__thumbnail__link\" href=\"https:\/\/reguvance.com\/fr\/creating-successful-strategies-for-businesses\/\" tabindex=\"-1\" ><div class=\"elementor-post__thumbnail\"><img decoding=\"async\" width=\"300\" height=\"200\" src=\"https:\/\/reguvance.com\/wp-content\/uploads\/2022\/02\/smiling-coworkers-looking-at-young-businessman-poi-300x200.jpg\" class=\"attachment-medium size-medium wp-image-214\" alt=\"\" srcset=\"https:\/\/reguvance.com\/wp-content\/uploads\/2022\/02\/smiling-coworkers-looking-at-young-businessman-poi-300x200.jpg 300w, https:\/\/reguvance.com\/wp-content\/uploads\/2022\/02\/smiling-coworkers-looking-at-young-businessman-poi-1024x683.jpg 1024w, https:\/\/reguvance.com\/wp-content\/uploads\/2022\/02\/smiling-coworkers-looking-at-young-businessman-poi-768x512.jpg 768w, https:\/\/reguvance.com\/wp-content\/uploads\/2022\/02\/smiling-coworkers-looking-at-young-businessman-poi-1536x1024.jpg 1536w, https:\/\/reguvance.com\/wp-content\/uploads\/2022\/02\/smiling-coworkers-looking-at-young-businessman-poi-18x12.jpg 18w, https:\/\/reguvance.com\/wp-content\/uploads\/2022\/02\/smiling-coworkers-looking-at-young-businessman-poi.jpg 1824w\" sizes=\"(max-width: 300px) 100vw, 300px\" \/><\/div><\/a>\n\t\t\t\t<div class=\"elementor-post__badge\">Strat\u00e9gies<\/div>\n\t\t\t\t<div class=\"elementor-post__text\">\n\t\t\t\t<h3 class=\"elementor-post__title\">\n\t\t\t<a href=\"https:\/\/reguvance.com\/fr\/creating-successful-strategies-for-businesses\/\" >\n\t\t\t\tExigences en mati\u00e8re de gestion de projet pour les institutions financi\u00e8res\t\t\t<\/a>\n\t\t<\/h3>\n\t\t\t\t<div class=\"elementor-post__excerpt\">\n\t\t\t<p>Solutions expertes de gestion de projet pour le secteur financier Dans le monde en rapide \u00e9volution des services financiers, la gestion de projet est confront\u00e9e \u00e0 des d\u00e9fis sans pr\u00e9c\u00e9dent. La combinaison d'une croissance constante<\/p>\n\t\t<\/div>\n\t\t\t\t\t<div class=\"elementor-post__read-more-wrapper\">\n\t\t\n\t\t<a class=\"elementor-post__read-more\" href=\"https:\/\/reguvance.com\/fr\/creating-successful-strategies-for-businesses\/\" aria-label=\"Read more about Anforderungen an das Projektmanagement f\u00fcr Finanzinstitute\" tabindex=\"-1\" >\n\t\t\tEn savoir plus \"\t\t<\/a>\n\n\t\t\t\t\t<\/div>\n\t\t\t\t<\/div>\n\t\t\t\t<div class=\"elementor-post__meta-data\">\n\t\t\t\t\t<span class=\"elementor-post-date\">\n\t\t\tao\u00fbt 4, 2024\t\t<\/span>\n\t\t\t\t<span class=\"elementor-post-avatar\">\n\t\t\tAucun commentaire\t\t<\/span>\n\t\t\t\t<\/div>\n\t\t\t\t\t<\/div>\n\t\t<\/article>\n\t\t\t\t<\/div>\n\t\t\n\t\t\t\t\t\t<\/div>\n\t\t\t\t<\/div>\n\t\t\t\t\t<\/div>\n\t\t<\/div>\n\t\t\t\t\t<\/div>\n\t\t<\/section>\n\t\t\t\t<\/div>","protected":false},"excerpt":{"rendered":"<p>INSIGHTS<\/p>","protected":false},"author":1,"featured_media":0,"parent":0,"menu_order":0,"comment_status":"closed","ping_status":"closed","template":"","meta":{"footnotes":""},"class_list":["post-273","page","type-page","status-publish","hentry"],"_links":{"self":[{"href":"https:\/\/reguvance.com\/fr\/wp-json\/wp\/v2\/pages\/273","targetHints":{"allow":["GET"]}}],"collection":[{"href":"https:\/\/reguvance.com\/fr\/wp-json\/wp\/v2\/pages"}],"about":[{"href":"https:\/\/reguvance.com\/fr\/wp-json\/wp\/v2\/types\/page"}],"author":[{"embeddable":true,"href":"https:\/\/reguvance.com\/fr\/wp-json\/wp\/v2\/users\/1"}],"replies":[{"embeddable":true,"href":"https:\/\/reguvance.com\/fr\/wp-json\/wp\/v2\/comments?post=273"}],"version-history":[{"count":28,"href":"https:\/\/reguvance.com\/fr\/wp-json\/wp\/v2\/pages\/273\/revisions"}],"predecessor-version":[{"id":674,"href":"https:\/\/reguvance.com\/fr\/wp-json\/wp\/v2\/pages\/273\/revisions\/674"}],"wp:attachment":[{"href":"https:\/\/reguvance.com\/fr\/wp-json\/wp\/v2\/media?parent=273"}],"curies":[{"name":"wp","href":"https:\/\/api.w.org\/{rel}","templated":true}]}}