{"id":190,"date":"2024-08-04T06:52:38","date_gmt":"2024-08-04T06:52:38","guid":{"rendered":"https:\/\/reguvance.com\/contact\/"},"modified":"2024-09-19T04:29:21","modified_gmt":"2024-09-19T04:29:21","slug":"kontakt","status":"publish","type":"page","link":"https:\/\/reguvance.com\/fr\/kontakt\/","title":{"rendered":"Contact"},"content":{"rendered":"<div data-elementor-type=\"wp-page\" data-elementor-id=\"190\" class=\"elementor elementor-190\" data-elementor-post-type=\"page\">\n\t\t\t\t\t\t<section class=\"elementor-section elementor-top-section elementor-element elementor-element-5797403b elementor-section-height-min-height elementor-section-boxed elementor-section-height-default elementor-section-items-middle\" data-id=\"5797403b\" data-element_type=\"section\" data-settings=\"{&quot;background_background&quot;:&quot;classic&quot;}\">\n\t\t\t\t\t\t\t<div class=\"elementor-background-overlay\"><\/div>\n\t\t\t\t\t\t\t<div class=\"elementor-container elementor-column-gap-default\">\n\t\t\t\t\t<div class=\"elementor-column elementor-col-100 elementor-top-column elementor-element elementor-element-6d234d5\" data-id=\"6d234d5\" data-element_type=\"column\">\n\t\t\t<div class=\"elementor-widget-wrap elementor-element-populated\">\n\t\t\t\t\t\t<div class=\"elementor-element elementor-element-3ec1e8be elementor-widget elementor-widget-heading\" data-id=\"3ec1e8be\" data-element_type=\"widget\" data-widget_type=\"heading.default\">\n\t\t\t\t<div class=\"elementor-widget-container\">\n\t\t\t\t\t<h2 class=\"elementor-heading-title elementor-size-default\">CONTACT<\/h2>\t\t\t\t<\/div>\n\t\t\t\t<\/div>\n\t\t\t\t\t<\/div>\n\t\t<\/div>\n\t\t\t\t\t<\/div>\n\t\t<\/section>\n\t\t\t\t<section class=\"elementor-section elementor-top-section elementor-element elementor-element-549fee4d elementor-reverse-tablet elementor-reverse-mobile elementor-section-boxed elementor-section-height-default elementor-section-height-default\" data-id=\"549fee4d\" data-element_type=\"section\">\n\t\t\t\t\t\t<div class=\"elementor-container elementor-column-gap-default\">\n\t\t\t\t\t<div class=\"elementor-column elementor-col-50 elementor-top-column elementor-element elementor-element-23250f9f\" data-id=\"23250f9f\" data-element_type=\"column\">\n\t\t\t<div class=\"elementor-widget-wrap elementor-element-populated\">\n\t\t\t\t\t\t<div class=\"elementor-element elementor-element-7b7606ea elementor-widget elementor-widget-heading\" data-id=\"7b7606ea\" data-element_type=\"widget\" data-widget_type=\"heading.default\">\n\t\t\t\t<div class=\"elementor-widget-container\">\n\t\t\t\t\t<h2 class=\"elementor-heading-title elementor-size-default\">N'h\u00e9sitez pas \u00e0 nous contacter !<\/h2>\t\t\t\t<\/div>\n\t\t\t\t<\/div>\n\t\t\t\t<div class=\"elementor-element elementor-element-2f9c5779 elementor-widget elementor-widget-heading\" data-id=\"2f9c5779\" data-element_type=\"widget\" data-widget_type=\"heading.default\">\n\t\t\t\t<div class=\"elementor-widget-container\">\n\t\t\t\t\t<h2 class=\"elementor-heading-title elementor-size-default\">Vous devez mettre en \u0153uvre un projet informatique complexe pour lequel vous n'avez pas vraiment le temps, les ressources ou l'expertise n\u00e9cessaires ?<\/h2>\t\t\t\t<\/div>\n\t\t\t\t<\/div>\n\t\t\t\t<div class=\"elementor-element elementor-element-f350ac2 elementor-widget elementor-widget-wpforms\" data-id=\"f350ac2\" data-element_type=\"widget\" data-widget_type=\"wpforms.default\">\n\t\t\t\t<div class=\"elementor-widget-container\">\n\t\t\t\t\t<div class=\"wpforms-container wpforms-container-full wpforms-render-modern\" id=\"wpforms-471\"><form id=\"wpforms-form-471\" class=\"wpforms-validate wpforms-form wpforms-ajax-form\" data-formid=\"471\" method=\"post\" enctype=\"multipart\/form-data\" action=\"\/fr\/wp-json\/wp\/v2\/pages\/190\" data-token=\"71c749ba2932a7e550c3e38f70985297\" data-token-time=\"1775658980\" data-trp-original-action=\"\/fr\/wp-json\/wp\/v2\/pages\/190\"><noscript class=\"wpforms-error-noscript\">Veuillez activer JavaScript dans votre navigateur pour remplir ce formulaire.<\/noscript><div id=\"wpforms-error-noscript\" style=\"display: none;\">Veuillez activer JavaScript dans votre navigateur pour remplir ce formulaire.<\/div><div class=\"wpforms-field-container\"><div id=\"wpforms-471-field_1-container\" class=\"wpforms-field wpforms-field-name\" data-field-id=\"1\"><label class=\"wpforms-field-label\" for=\"wpforms-471-field_1\">Nom <span class=\"wpforms-required-label\" aria-hidden=\"true\">*<\/span><\/label><input type=\"text\" id=\"wpforms-471-field_1\" class=\"wpforms-field-medium wpforms-field-required\" name=\"wpforms[fields][1]\" aria-errormessage=\"wpforms-471-field_1-error\" required><\/div>\t\t<div id=\"wpforms-471-field_3-container\"\n\t\t\tclass=\"wpforms-field wpforms-field-text\"\n\t\t\tdata-field-type=\"text\"\n\t\t\tdata-field-id=\"3\"\n\t\t\t>\n\t\t\t<label class=\"wpforms-field-label\" for=\"wpforms-471-field_3\" >Unternehmen E-Mail im<\/label>\n\t\t\t<input type=\"text\" id=\"wpforms-471-field_3\" class=\"wpforms-field-medium\" name=\"wpforms[fields][3]\" >\n\t\t<\/div>\n\t\t<div id=\"wpforms-471-field_2-container\" class=\"wpforms-field wpforms-field-email\" data-field-id=\"2\"><label class=\"wpforms-field-label\" for=\"wpforms-471-field_2\">Courrier \u00e9lectronique <span class=\"wpforms-required-label\" aria-hidden=\"true\">*<\/span><\/label><input type=\"email\" id=\"wpforms-471-field_2\" class=\"wpforms-field-medium wpforms-field-required\" name=\"wpforms[fields][2]\" spellcheck=\"false\" aria-errormessage=\"wpforms-471-field_2-error\" required><\/div><div id=\"wpforms-471-field_5-container\" class=\"wpforms-field wpforms-field-email\" data-field-id=\"5\"><label class=\"wpforms-field-label\" for=\"wpforms-471-field_5\">Num\u00e9ro de t\u00e9l\u00e9phone<\/label><input type=\"email\" id=\"wpforms-471-field_5\" class=\"wpforms-field-medium\" name=\"wpforms[fields][5]\" spellcheck=\"false\" aria-errormessage=\"wpforms-471-field_5-error\" ><\/div><div id=\"wpforms-471-field_4-container\" class=\"wpforms-field wpforms-field-text\" data-field-id=\"4\"><label class=\"wpforms-field-label\" for=\"wpforms-471-field_4\">Votre entreprise <\/label><input type=\"text\" id=\"wpforms-471-field_4\" class=\"wpforms-field-medium\" name=\"wpforms[fields][4]\" aria-errormessage=\"wpforms-471-field_4-error\" ><\/div><div id=\"wpforms-471-field_6-container\" class=\"wpforms-field wpforms-field-text\" data-field-id=\"6\"><label class=\"wpforms-field-label\" for=\"wpforms-471-field_6\">Votre position dans l'entreprise <\/label><input type=\"text\" id=\"wpforms-471-field_6\" class=\"wpforms-field-medium\" name=\"wpforms[fields][6]\" aria-errormessage=\"wpforms-471-field_6-error\" ><\/div><div id=\"wpforms-471-field_7-container\" class=\"wpforms-field wpforms-field-text\" data-field-id=\"7\"><label class=\"wpforms-field-label\" for=\"wpforms-471-field_7\">Sujet<\/label><input type=\"text\" id=\"wpforms-471-field_7\" class=\"wpforms-field-medium\" name=\"wpforms[fields][7]\" aria-errormessage=\"wpforms-471-field_7-error\" ><\/div><div id=\"wpforms-471-field_8-container\" class=\"wpforms-field wpforms-field-text\" data-field-id=\"8\"><label class=\"wpforms-field-label\" for=\"wpforms-471-field_8\">Message <\/label><input type=\"text\" id=\"wpforms-471-field_8\" class=\"wpforms-field-medium\" name=\"wpforms[fields][8]\" aria-errormessage=\"wpforms-471-field_8-error\" ><\/div><script>\n\t\t\t\t( function() {\n\t\t\t\t\tconst style = document.createElement( 'style' );\n\t\t\t\t\tstyle.appendChild( document.createTextNode( '#wpforms-471-field_3-container { position: absolute !important; overflow: hidden !important; display: inline !important; height: 1px !important; width: 1px !important; z-index: -1000 !important; padding: 0 !important; } #wpforms-471-field_3-container input { visibility: hidden; } #wpforms-conversational-form-page #wpforms-471-field_3-container label { counter-increment: none; }' ) );\n\t\t\t\t\tdocument.head.appendChild( style );\n\t\t\t\t\tdocument.currentScript?.remove();\n\t\t\t\t} )();\n\t\t\t<\/script><\/div><!-- .wpforms-field-container --><div class=\"wpforms-submit-container\" ><input type=\"hidden\" name=\"wpforms[id]\" value=\"471\"><input type=\"hidden\" name=\"page_title\" value=\"\"><input type=\"hidden\" name=\"page_url\" value=\"https:\/\/reguvance.com\/fr\/wp-json\/wp\/v2\/pages\/190\"><input type=\"hidden\" name=\"url_referer\" value=\"\"><button type=\"submit\" name=\"wpforms[submit]\" id=\"wpforms-submit-471\" class=\"wpforms-submit\" data-alt-text=\"Sending...\" data-submit-text=\"Senden\" aria-live=\"assertive\" value=\"wpforms-submit\">Envoyer<\/button><img decoding=\"async\" src=\"https:\/\/reguvance.com\/wp-content\/plugins\/wpforms-lite\/assets\/images\/submit-spin.svg\" class=\"wpforms-submit-spinner\" style=\"display: none;\" width=\"26\" height=\"26\" alt=\"Chargement en cours\"><\/div><input type=\"hidden\" name=\"trp-form-language\" value=\"fr\"\/><\/form><\/div>  <!-- .wpforms-container -->\t\t\t\t<\/div>\n\t\t\t\t<\/div>\n\t\t\t\t<div class=\"elementor-element elementor-element-300e2a6 elementor-widget elementor-widget-text-editor\" data-id=\"300e2a6\" data-element_type=\"widget\" data-widget_type=\"text-editor.default\">\n\t\t\t\t<div class=\"elementor-widget-container\">\n\t\t\t\t\t\t\t\t\t<p>Nous collectons, traitons et utilisons les donn\u00e9es personnelles que vous nous fournissez uniquement dans le but de r\u00e9pondre \u00e0 votre demande, \u00e0 moins que - nous vous ayons explicitement inform\u00e9 des finalit\u00e9s plus larges et que vous ayez consenti \u00e0 une telle utilisation - le traitement soit effectu\u00e9 dans un but directement li\u00e9 \u00e0 la finalit\u00e9 initiale pour laquelle les donn\u00e9es personnelles ont \u00e9t\u00e9 collect\u00e9es, - le traitement soit effectu\u00e9 en r\u00e9ponse \u00e0 une obligation l\u00e9gale ou \u00e0 une injonction administrative ou judiciaire, ou - pour \u00e9tablir ou prot\u00e9ger des droits l\u00e9gaux ou pour se d\u00e9fendre contre des activit\u00e9s ill\u00e9gales. Nous ne vendrons ni ne commercialiserons vos donn\u00e9es personnelles \u00e0 des tiers, ni ne les leur communiquerons pour quelque raison que ce soit.<\/p>\t\t\t\t\t\t\t\t<\/div>\n\t\t\t\t<\/div>\n\t\t\t\t\t<\/div>\n\t\t<\/div>\n\t\t\t\t<div class=\"elementor-column elementor-col-50 elementor-top-column elementor-element elementor-element-4e03667c\" data-id=\"4e03667c\" data-element_type=\"column\">\n\t\t\t<div class=\"elementor-widget-wrap elementor-element-populated\">\n\t\t\t\t\t\t<div class=\"elementor-element elementor-element-9313c58 elementor-hidden-tablet elementor-hidden-mobile elementor-widget elementor-widget-image\" data-id=\"9313c58\" data-element_type=\"widget\" data-widget_type=\"image.default\">\n\t\t\t\t<div class=\"elementor-widget-container\">\n\t\t\t\t\t\t\t\t\t\t\t\t\t\t\t<img fetchpriority=\"high\" decoding=\"async\" width=\"599\" height=\"476\" src=\"https:\/\/reguvance.com\/wp-content\/uploads\/2024\/08\/two-young-business-people-discussing-documents-in-e1724267776797.jpg\" class=\"attachment-full size-full wp-image-146\" alt=\"\" srcset=\"https:\/\/reguvance.com\/wp-content\/uploads\/2024\/08\/two-young-business-people-discussing-documents-in-e1724267776797.jpg 599w, https:\/\/reguvance.com\/wp-content\/uploads\/2024\/08\/two-young-business-people-discussing-documents-in-e1724267776797-300x238.jpg 300w, https:\/\/reguvance.com\/wp-content\/uploads\/2024\/08\/two-young-business-people-discussing-documents-in-e1724267776797-15x12.jpg 15w\" sizes=\"(max-width: 599px) 100vw, 599px\" \/>\t\t\t\t\t\t\t\t\t\t\t\t\t\t\t<\/div>\n\t\t\t\t<\/div>\n\t\t\t\t<div class=\"elementor-element elementor-element-b83f697 elementor-widget elementor-widget-image\" data-id=\"b83f697\" data-element_type=\"widget\" data-widget_type=\"image.default\">\n\t\t\t\t<div class=\"elementor-widget-container\">\n\t\t\t\t\t\t\t\t\t\t\t\t\t\t\t<img decoding=\"async\" width=\"552\" height=\"512\" src=\"https:\/\/reguvance.com\/wp-content\/uploads\/2024\/08\/business-couple-working-together-e1724267825796.jpg\" class=\"attachment-full size-full wp-image-151\" alt=\"\" srcset=\"https:\/\/reguvance.com\/wp-content\/uploads\/2024\/08\/business-couple-working-together-e1724267825796.jpg 552w, https:\/\/reguvance.com\/wp-content\/uploads\/2024\/08\/business-couple-working-together-e1724267825796-300x278.jpg 300w, https:\/\/reguvance.com\/wp-content\/uploads\/2024\/08\/business-couple-working-together-e1724267825796-13x12.jpg 13w\" sizes=\"(max-width: 552px) 100vw, 552px\" \/>\t\t\t\t\t\t\t\t\t\t\t\t\t\t\t<\/div>\n\t\t\t\t<\/div>\n\t\t\t\t\t<\/div>\n\t\t<\/div>\n\t\t\t\t\t<\/div>\n\t\t<\/section>\n\t\t\t\t<\/div>","protected":false},"excerpt":{"rendered":"<p>KONTAKT Sprechen sie uns an! Sie m\u00fcssen ein komplexes IT-Projekt umsetzen, f\u00fcr welches Sie eigentlich keine Zeit, Ressourcen oder Expertise haben? Bitte aktiviere JavaScript in deinem Browser, um dieses Formular fertigzustellen.Bitte aktiviere JavaScript in deinem Browser, um dieses Formular fertigzustellen.Name *E-Mail *TelefonnummerIhr Unternehmen Ihre Stellung im Unternehmen BetreffNachricht Senden Wir erheben, verarbeiten und nutzen die [&hellip;]<\/p>","protected":false},"author":1,"featured_media":0,"parent":0,"menu_order":0,"comment_status":"closed","ping_status":"closed","template":"elementor_header_footer","meta":{"footnotes":""},"class_list":["post-190","page","type-page","status-publish","hentry"],"_links":{"self":[{"href":"https:\/\/reguvance.com\/fr\/wp-json\/wp\/v2\/pages\/190","targetHints":{"allow":["GET"]}}],"collection":[{"href":"https:\/\/reguvance.com\/fr\/wp-json\/wp\/v2\/pages"}],"about":[{"href":"https:\/\/reguvance.com\/fr\/wp-json\/wp\/v2\/types\/page"}],"author":[{"embeddable":true,"href":"https:\/\/reguvance.com\/fr\/wp-json\/wp\/v2\/users\/1"}],"replies":[{"embeddable":true,"href":"https:\/\/reguvance.com\/fr\/wp-json\/wp\/v2\/comments?post=190"}],"version-history":[{"count":47,"href":"https:\/\/reguvance.com\/fr\/wp-json\/wp\/v2\/pages\/190\/revisions"}],"predecessor-version":[{"id":720,"href":"https:\/\/reguvance.com\/fr\/wp-json\/wp\/v2\/pages\/190\/revisions\/720"}],"wp:attachment":[{"href":"https:\/\/reguvance.com\/fr\/wp-json\/wp\/v2\/media?parent=190"}],"curies":[{"name":"wp","href":"https:\/\/api.w.org\/{rel}","templated":true}]}}