{"id":596,"date":"2024-08-25T10:54:13","date_gmt":"2024-08-25T10:54:13","guid":{"rendered":"https:\/\/reguvance.com\/?page_id=596"},"modified":"2025-11-15T08:58:50","modified_gmt":"2025-11-15T08:58:50","slug":"impressum","status":"publish","type":"page","link":"https:\/\/reguvance.com\/es\/impressum\/","title":{"rendered":"Pie de imprenta"},"content":{"rendered":"<div data-elementor-type=\"wp-page\" data-elementor-id=\"596\" class=\"elementor elementor-596\" data-elementor-post-type=\"page\">\n\t\t\t\t\t\t<section class=\"elementor-section elementor-top-section elementor-element elementor-element-6c63429 elementor-section-height-min-height elementor-section-boxed elementor-section-height-default elementor-section-items-middle\" data-id=\"6c63429\" data-element_type=\"section\" data-settings=\"{&quot;background_background&quot;:&quot;classic&quot;}\">\n\t\t\t\t\t\t\t<div class=\"elementor-background-overlay\"><\/div>\n\t\t\t\t\t\t\t<div class=\"elementor-container elementor-column-gap-default\">\n\t\t\t\t\t<div class=\"elementor-column elementor-col-100 elementor-top-column elementor-element elementor-element-44a7f9e\" data-id=\"44a7f9e\" data-element_type=\"column\">\n\t\t\t<div class=\"elementor-widget-wrap elementor-element-populated\">\n\t\t\t\t\t\t<div class=\"elementor-element elementor-element-929d657 elementor-widget elementor-widget-heading\" data-id=\"929d657\" data-element_type=\"widget\" data-widget_type=\"heading.default\">\n\t\t\t\t<div class=\"elementor-widget-container\">\n\t\t\t\t\t<h2 class=\"elementor-heading-title elementor-size-default\">IMPRIMIR<\/h2>\t\t\t\t<\/div>\n\t\t\t\t<\/div>\n\t\t\t\t\t<\/div>\n\t\t<\/div>\n\t\t\t\t\t<\/div>\n\t\t<\/section>\n\t\t\t\t<section class=\"elementor-section elementor-top-section elementor-element elementor-element-2356940 elementor-section-boxed elementor-section-height-default elementor-section-height-default\" data-id=\"2356940\" data-element_type=\"section\">\n\t\t\t\t\t\t<div class=\"elementor-container elementor-column-gap-default\">\n\t\t\t\t\t<div class=\"elementor-column elementor-col-100 elementor-top-column elementor-element elementor-element-ea11012\" data-id=\"ea11012\" data-element_type=\"column\">\n\t\t\t<div class=\"elementor-widget-wrap elementor-element-populated\">\n\t\t\t\t\t\t<div class=\"elementor-element elementor-element-c94a6d3 elementor-widget elementor-widget-text-editor\" data-id=\"c94a6d3\" data-element_type=\"widget\" data-widget_type=\"text-editor.default\">\n\t\t\t\t<div class=\"elementor-widget-container\">\n\t\t\t\t\t\t\t\t\t<h2>Proveedor de servicios \/ editor<\/h2>\n<p>Operador del sitio web https:\/\/reguvance.com y responsable del contenido de conformidad con el art\u00edculo 5 de la DDG:<\/p>\n<p><b>ReguVance GmbH<br>Amselweg 8&nbsp;<br>72285 Pfalzgrafenweiler<\/b><\/p>\n<p><span style=\"background-color: var( --e-global-color-01382b0 ); font-family: var( --e-global-typography-text-font-family ), Sans-serif; font-size: var( --e-global-typography-text-font-size ); font-weight: var( --e-global-typography-text-font-weight );\">P\u00f3ngase en contacto con nosotros por correo electr\u00f3nico o por tel\u00e9fono en caso de env\u00edos de paquetes previstos.&nbsp;<\/span><\/p>\n<p><span style=\"font-weight: bolder;\">Tel:<\/span>&nbsp;+49 163 9280 964<br><span style=\"font-weight: bolder;\">correo electr\u00f3nico:<\/span>&nbsp;<a style=\"font-family: var( --e-global-typography-accent-font-family ), Sans-serif; font-size: var( --e-global-typography-accent-font-size ); font-weight: var( --e-global-typography-accent-font-weight ); line-height: var( --e-global-typography-accent-line-height );\">info@reguvance.com<\/a><\/p>\n<p><span style=\"font-weight: bolder; background-color: var( --e-global-color-01382b0 ); font-family: var( --e-global-typography-text-font-family ), Sans-serif; font-size: var( --e-global-typography-text-font-size );\">Representado por:&nbsp;<\/span><span style=\"background-color: var( --e-global-color-01382b0 ); font-family: var( --e-global-typography-text-font-family ), Sans-serif; font-size: var( --e-global-typography-text-font-size ); font-weight: var( --e-global-typography-text-font-weight );\">Lars M\u00f6hrle<\/span><\/p>\n<p><span style=\"font-weight: bold;\">NIF IVA<\/span> ES 369267273<\/p>\n<h3 style=\"line-height: var( --e-global-typography-1c00384-line-height ); color: #333333; letter-spacing: normal; word-spacing: 0px;\"><span style=\"background-color: var( --e-global-color-01382b0 );\">Resoluci\u00f3n alternativa de litigios de conformidad con el art\u00edculo 14, apartado 1, de la ODR-VO y el art\u00edculo 36 de la VSBG:&nbsp;<br><\/span><span style=\"font-family: Montserrat, sans-serif; font-size: 16px; font-weight: var( --e-global-typography-text-font-weight ); background-color: var( --e-global-color-01382b0 );\">La Comisi\u00f3n Europea ofrece una plataforma para la resoluci\u00f3n de litigios en l\u00ednea (OS), a la que puede acceder en&nbsp;<\/span><a style=\"font-family: var( --e-global-typography-accent-font-family ), Sans-serif; font-size: var( --e-global-typography-accent-font-size ); font-weight: var( --e-global-typography-accent-font-weight ); line-height: var( --e-global-typography-accent-line-height );\" href=\"https:\/\/ec.europa.eu\/consumers\/odr\" target=\"_blank\" rel=\"noopener\">https:\/\/ec.europa.eu\/consumers\/odr<\/a><span style=\"font-family: Montserrat, sans-serif; font-size: 16px; font-weight: var( --e-global-typography-text-font-weight ); background-color: var( --e-global-color-01382b0 );\">&nbsp;encontrar. No estamos obligados ni dispuestos a participar en un procedimiento de resoluci\u00f3n de litigios ante una junta arbitral de consumo.<\/span><\/h3>\n<h3 style=\"font-family: var( --e-global-typography-1c00384-font-family ), Sans-serif; font-weight: var( --e-global-typography-1c00384-font-weight ); line-height: var( --e-global-typography-1c00384-line-height ); color: #333333; font-size: var( --e-global-typography-1c00384-font-size ); letter-spacing: normal; word-spacing: 0px;\">Responsabilidad por el contenido de este sitio web<\/h3>\n<p>Desarrollamos constantemente el contenido de este sitio web y nos esforzamos por ofrecer informaci\u00f3n correcta y actualizada. Seg\u00fan la Ley de Telemedios&nbsp;<a style=\"font-family: var( --e-global-typography-accent-font-family ), Sans-serif; font-size: var( --e-global-typography-accent-font-size ); font-weight: var( --e-global-typography-accent-font-weight ); line-height: var( --e-global-typography-accent-line-height );\" href=\"https:\/\/www.gesetze-im-internet.de\/tmg\/__7.html?tid=321287079\" target=\"_blank\" rel=\"noopener nofollow\">(TMG) \u00a77 (1)<\/a>&nbsp;Como proveedor de servicios, somos responsables de la informaci\u00f3n propia que ponemos a disposici\u00f3n para su uso de conformidad con las leyes generales. Lamentablemente, no podemos asumir ninguna responsabilidad por la exactitud de todos los contenidos de este sitio web, especialmente por los proporcionados por terceros. Como proveedor de servicios en el sentido de los \u00a7\u00a7 8 a 10, no estamos obligados a controlar la informaci\u00f3n transmitida o almacenada por usted ni a investigar circunstancias que indiquen una actividad ilegal.<\/p>\n<p>Nuestras obligaciones de eliminar informaci\u00f3n o bloquear el uso de informaci\u00f3n de acuerdo con las leyes generales debido a \u00f3rdenes judiciales u oficiales no se ver\u00e1n afectadas incluso en el caso de nuestra no responsabilidad de acuerdo con los \u00a7\u00a7 8 a 10.<\/p>\n<p>Si observa alg\u00fan contenido problem\u00e1tico o ilegal, p\u00f3ngase en contacto con nosotros inmediatamente para que podamos eliminarlo. Encontrar\u00e1 los datos de contacto en el pie de imprenta.<\/p>\n<h3 style=\"font-family: var( --e-global-typography-1c00384-font-family ), Sans-serif; font-weight: var( --e-global-typography-1c00384-font-weight ); line-height: var( --e-global-typography-1c00384-line-height ); color: #333333; font-size: var( --e-global-typography-1c00384-font-size ); letter-spacing: normal; word-spacing: 0px;\">Copyright<\/h3>\n<p>Todos los contenidos de este sitio web (im\u00e1genes, fotos, textos, v\u00eddeos) est\u00e1n sujetos a los derechos de autor de la Rep\u00fablica Federal de Alemania. Le rogamos que nos consulte antes de distribuir, reproducir o utilizar el contenido de este sitio web, por ejemplo reedit\u00e1ndolo en otros sitios web. En caso necesario, emprenderemos acciones legales contra el uso no autorizado de partes del contenido de nuestro sitio web.<\/p>\n<p>Si encuentra en este sitio web alg\u00fan contenido que infrinja la legislaci\u00f3n sobre derechos de autor, p\u00f3ngase en contacto con nosotros.<\/p>\n<h3 style=\"font-family: var( --e-global-typography-1c00384-font-family ), Sans-serif; font-weight: var( --e-global-typography-1c00384-font-weight ); line-height: var( --e-global-typography-1c00384-line-height ); color: #333333; font-size: var( --e-global-typography-1c00384-font-size ); letter-spacing: normal; word-spacing: 0px;\">Cr\u00e9ditos de las im\u00e1genes<\/h3>\n<p>Las im\u00e1genes, fotos y gr\u00e1ficos de este sitio web est\u00e1n protegidos por derechos de autor. No est\u00e1n sujetos a ninguna obligaci\u00f3n de prueba. P\u00f3ngase en contacto con nosotros directamente si tiene alguna pregunta detallada sobre las licencias.<\/p>\t\t\t\t\t\t\t\t<\/div>\n\t\t\t\t<\/div>\n\t\t\t\t\t<\/div>\n\t\t<\/div>\n\t\t\t\t\t<\/div>\n\t\t<\/section>\n\t\t\t\t<\/div>","protected":false},"excerpt":{"rendered":"<p>IMPRESSUM Diensteanbieter \/ Herausgeber Betreiber des Internetauftritts unter https:\/\/reguvance.com und inhaltlich Verantwortlicher gem\u00e4\u00df \u00a7 5 DDG ist: ReguVance GmbHAmselweg 8&nbsp;72285 Pfalzgrafenweiler Bitte kontaktieren Sie uns per E-Mail oder telefonisch im Fall von geplanten Paketsendungen.&nbsp; Tel.:&nbsp;+49 163 9280 964E-Mail:&nbsp;info@reguvance.com Vertreten durch:&nbsp;Lars M\u00f6hrle USt-ID Nr.: DE 369267273 Alternative Streitbeilegung gem\u00e4\u00df Art. 14 Abs. 1 ODR-VO und \u00a7 [&hellip;]<\/p>","protected":false},"author":1,"featured_media":0,"parent":0,"menu_order":0,"comment_status":"closed","ping_status":"closed","template":"","meta":{"footnotes":""},"class_list":["post-596","page","type-page","status-publish","hentry"],"_links":{"self":[{"href":"https:\/\/reguvance.com\/es\/wp-json\/wp\/v2\/pages\/596","targetHints":{"allow":["GET"]}}],"collection":[{"href":"https:\/\/reguvance.com\/es\/wp-json\/wp\/v2\/pages"}],"about":[{"href":"https:\/\/reguvance.com\/es\/wp-json\/wp\/v2\/types\/page"}],"author":[{"embeddable":true,"href":"https:\/\/reguvance.com\/es\/wp-json\/wp\/v2\/users\/1"}],"replies":[{"embeddable":true,"href":"https:\/\/reguvance.com\/es\/wp-json\/wp\/v2\/comments?post=596"}],"version-history":[{"count":22,"href":"https:\/\/reguvance.com\/es\/wp-json\/wp\/v2\/pages\/596\/revisions"}],"predecessor-version":[{"id":771,"href":"https:\/\/reguvance.com\/es\/wp-json\/wp\/v2\/pages\/596\/revisions\/771"}],"wp:attachment":[{"href":"https:\/\/reguvance.com\/es\/wp-json\/wp\/v2\/media?parent=596"}],"curies":[{"name":"wp","href":"https:\/\/api.w.org\/{rel}","templated":true}]}}